{"id":1019,"date":"2020-10-10T14:17:59","date_gmt":"2020-10-10T14:17:59","guid":{"rendered":"https:\/\/wp.ditsolution.net\/itsoft\/?page_id=1019"},"modified":"2025-12-16T13:54:43","modified_gmt":"2025-12-16T13:54:43","slug":"about-us-2","status":"publish","type":"page","link":"https:\/\/101agent.fr\/index.php\/about-us-2\/","title":{"rendered":"A notre sujet"},"content":{"rendered":"\t\t<div data-elementor-type=\"wp-page\" data-elementor-id=\"1019\" class=\"elementor elementor-1019\">\n\t\t\t\t\t\t<section class=\"elementor-section elementor-top-section elementor-element elementor-element-b902da6 elementor-section-full_width elementor-section-height-default elementor-section-height-default\" data-id=\"b902da6\" data-element_type=\"section\">\n\t\t\t\t\t\t<div class=\"elementor-container elementor-column-gap-no\">\n\t\t\t\t\t<div class=\"elementor-column elementor-col-100 elementor-top-column elementor-element elementor-element-a0c59d2\" data-id=\"a0c59d2\" data-element_type=\"column\">\n\t\t\t<div class=\"elementor-widget-wrap\">\n\t\t\t\t\t\t\t<\/div>\n\t\t<\/div>\n\t\t\t\t\t<\/div>\n\t\t<\/section>\n\t\t\t\t<section class=\"elementor-section elementor-top-section elementor-element elementor-element-e837f5b elementor-section-boxed elementor-section-height-default elementor-section-height-default\" data-id=\"e837f5b\" data-element_type=\"section\">\n\t\t\t\t\t\t<div class=\"elementor-container elementor-column-gap-default\">\n\t\t\t\t\t<div class=\"elementor-column elementor-col-100 elementor-top-column elementor-element elementor-element-84b8399\" data-id=\"84b8399\" data-element_type=\"column\">\n\t\t\t<div class=\"elementor-widget-wrap elementor-element-populated\">\n\t\t\t\t\t\t<section class=\"elementor-section elementor-inner-section elementor-element elementor-element-86f629d elementor-section-content-middle elementor-section-boxed elementor-section-height-default elementor-section-height-default\" data-id=\"86f629d\" data-element_type=\"section\">\n\t\t\t\t\t\t<div class=\"elementor-container elementor-column-gap-default\">\n\t\t\t\t\t<div class=\"elementor-column elementor-col-50 elementor-inner-column elementor-element elementor-element-73a98e8\" data-id=\"73a98e8\" data-element_type=\"column\">\n\t\t\t<div class=\"elementor-widget-wrap elementor-element-populated\">\n\t\t\t\t\t\t<div class=\"elementor-element elementor-element-64077b5 elementor-widget elementor-widget-image\" data-id=\"64077b5\" data-element_type=\"widget\" data-widget_type=\"image.default\">\n\t\t\t\t<div class=\"elementor-widget-container\">\n\t\t\t\t\t\t\t\t\t\t\t\t\t\t\t<img fetchpriority=\"high\" decoding=\"async\" width=\"553\" height=\"700\" src=\"https:\/\/101agent.fr\/wp-content\/uploads\/2020\/09\/about-img.png\" class=\"attachment-large size-large wp-image-403\" alt=\"\" srcset=\"https:\/\/101agent.fr\/wp-content\/uploads\/2020\/09\/about-img.png 553w, https:\/\/101agent.fr\/wp-content\/uploads\/2020\/09\/about-img-237x300.png 237w\" sizes=\"(max-width: 553px) 100vw, 553px\" \/>\t\t\t\t\t\t\t\t\t\t\t\t\t\t\t<\/div>\n\t\t\t\t<\/div>\n\t\t\t\t\t<\/div>\n\t\t<\/div>\n\t\t\t\t<div class=\"elementor-column elementor-col-50 elementor-inner-column elementor-element elementor-element-b27c456\" data-id=\"b27c456\" data-element_type=\"column\">\n\t\t\t<div class=\"elementor-widget-wrap elementor-element-populated\">\n\t\t\t\t\t\t<div class=\"elementor-element elementor-element-cc4cee1 elementor-widget elementor-widget-sectiontitle\" data-id=\"cc4cee1\" data-element_type=\"widget\" data-widget_type=\"sectiontitle.default\">\n\t\t\t\t<div class=\"elementor-widget-container\">\n\t\t\t\t\t\r\n\t\t\t\t<div class=\"\">\r\n\t\t\t<div class=\"section-title t_left\">\r\n\t\t\t\t<h5>\/\/ \u00c0 propos de l'entreprise<\/h5>\r\n\t\t\t\t<div class=\"title\">\r\n\t\t\t\t    <h3>101Agent<\/h3>\r\n\t\t\t\t    <h2>La m\u00e9thode intelligente pour d\u00e9ployer<span>Assistants virtuels<\/span><\/h2>\r\n\t\t\t\t<\/div>\r\n\t\t\t\t\t\t\t\r\n\t\t\t\t<div class=\"bar-main\">\r\n\t\t\t\t\t<div class=\"bar bar-big\"><\/div>\r\n\t\t\t\t<\/div>\r\n\t\t\t\t\t\t\t\t<p>101Agent est une plateforme d'IA nouvelle g\u00e9n\u00e9ration qui simplifie la cr\u00e9ation, la personnalisation et le d\u00e9ploiement d'agents virtuels dans tous les secteurs d'activit\u00e9. Que vous souhaitiez automatiser le service client, g\u00e9rer les rendez-vous ou optimiser vos processus internes, 101Agent vous offre des outils performants pour exploiter pleinement le potentiel de l'intelligence artificielle, sans aucune comp\u00e9tence en programmation. Notre mission\u00a0: rendre l'IA intuitive, accessible et v\u00e9ritablement utile aux entreprises de toutes tailles.<\/p>\r\n\t\t\t<\/div>\t\r\n\t\t<\/div>\r\n\t\t\r\n\t\t\t\t\t<\/div>\n\t\t\t\t<\/div>\n\t\t\t\t<div class=\"elementor-element elementor-element-3a4386b elementor-tabs-view-horizontal elementor-widget elementor-widget-tabs\" data-id=\"3a4386b\" data-element_type=\"widget\" data-widget_type=\"tabs.default\">\n\t\t\t\t<div class=\"elementor-widget-container\">\n\t\t\t\t\t\t\t<div class=\"elementor-tabs\">\n\t\t\t<div class=\"elementor-tabs-wrapper\" role=\"tablist\" >\n\t\t\t\t\t\t\t\t\t<div id=\"elementor-tab-title-6101\" class=\"elementor-tab-title elementor-tab-desktop-title\" aria-selected=\"true\" data-tab=\"1\" role=\"tab\" tabindex=\"0\" aria-controls=\"elementor-tab-content-6101\" aria-expanded=\"false\">Notre Mission<\/div>\n\t\t\t\t\t\t\t\t\t<div id=\"elementor-tab-title-6102\" class=\"elementor-tab-title elementor-tab-desktop-title\" aria-selected=\"false\" data-tab=\"2\" role=\"tab\" tabindex=\"-1\" aria-controls=\"elementor-tab-content-6102\" aria-expanded=\"false\">Nos Valeurs<\/div>\n\t\t\t\t\t\t\t\t\t<div id=\"elementor-tab-title-6103\" class=\"elementor-tab-title elementor-tab-desktop-title\" aria-selected=\"false\" data-tab=\"3\" role=\"tab\" tabindex=\"-1\" aria-controls=\"elementor-tab-content-6103\" aria-expanded=\"false\">Nos comp\u00e9tences<\/div>\n\t\t\t\t\t\t\t<\/div>\n\t\t\t<div class=\"elementor-tabs-content-wrapper\" role=\"tablist\" aria-orientation=\"vertical\">\n\t\t\t\t\t\t\t\t\t<div class=\"elementor-tab-title elementor-tab-mobile-title\" aria-selected=\"true\" data-tab=\"1\" role=\"tab\" tabindex=\"0\" aria-controls=\"elementor-tab-content-6101\" aria-expanded=\"false\">Notre Mission<\/div>\n\t\t\t\t\t<div id=\"elementor-tab-content-6101\" class=\"elementor-tab-content elementor-clearfix\" data-tab=\"1\" role=\"tabpanel\" aria-labelledby=\"elementor-tab-title-6101\" tabindex=\"0\" hidden=\"false\"><p>Chez 101Agent, notre mission est claire\u00a0: <strong>rendre l\u2019intelligence artificielle accessible<\/strong>, intuitive et utile \u00e0 toutes les entreprises, quelle que soit leur taille ou leur secteur d\u2019activit\u00e9.<\/p><p>Nous cr\u00e9ons des <strong>agents virtuels intelligents<\/strong> qui automatisent les t\u00e2ches, am\u00e9liorent l\u2019exp\u00e9rience client et lib\u00e8rent un temps pr\u00e9cieux pour que les \u00e9quipes puissent se concentrer sur l\u2019essentiel\u00a0: les personnes.<\/p><p>Notre objectif est de d\u00e9mocratiser l\u2019utilisation de l\u2019IA en proposant des solutions pr\u00eates \u00e0 l\u2019emploi, personnalisables et performantes, accessibles \u00e0 tous, avec ou sans connaissances techniques.<\/p><\/div>\n\t\t\t\t\t\t\t\t\t<div class=\"elementor-tab-title elementor-tab-mobile-title\" aria-selected=\"false\" data-tab=\"2\" role=\"tab\" tabindex=\"-1\" aria-controls=\"elementor-tab-content-6102\" aria-expanded=\"false\">Nos Valeurs<\/div>\n\t\t\t\t\t<div id=\"elementor-tab-content-6102\" class=\"elementor-tab-content elementor-clearfix\" data-tab=\"2\" role=\"tabpanel\" aria-labelledby=\"elementor-tab-title-6102\" tabindex=\"0\" hidden=\"hidden\"><h3 data-start=\"663\" data-end=\"686\">\u00a0<\/h3><ul data-start=\"687\" data-end=\"1131\"><li data-start=\"687\" data-end=\"779\"><strong data-start=\"689\" data-end=\"703\">Simplicit\u00e9<\/strong> \u2013 Nous pensons que la technologie doit s&#8217;adapter aux personnes, et non l&#8217;inverse.<\/li><li data-start=\"780\" data-end=\"872\"><strong data-start=\"782\" data-end=\"796\">Innovation<\/strong> \u2013 Nous concevons des solutions de pointe et \u00e9volutives qui s&#8217;adaptent \u00e0 vos besoins.<\/li><li data-start=\"873\" data-end=\"968\"><strong data-start=\"875\" data-end=\"892\">Accessibilit\u00e9<\/strong> \u2013 L\u2019IA ne devrait pas \u00eatre r\u00e9serv\u00e9e aux grandes entreprises. Nous la rendons accessible \u00e0 tous.<\/li><li data-start=\"969\" data-end=\"1053\"><strong data-start=\"971\" data-end=\"984\">Listening<\/strong> \u2013 Nous co-cr\u00e9ons avec nos clients pour r\u00e9pondre \u00e0 leurs besoins r\u00e9els et concrets.<\/li><li data-start=\"1054\" data-end=\"1131\"><strong data-start=\"1056\" data-end=\"1066\">Ethics<\/strong> \u2013 Nous cr\u00e9ons des agents qui respectent la vie priv\u00e9e des utilisateurs et agissent de mani\u00e8re responsable.<\/li><\/ul><\/div>\n\t\t\t\t\t\t\t\t\t<div class=\"elementor-tab-title elementor-tab-mobile-title\" aria-selected=\"false\" data-tab=\"3\" role=\"tab\" tabindex=\"-1\" aria-controls=\"elementor-tab-content-6103\" aria-expanded=\"false\">Nos comp\u00e9tences<\/div>\n\t\t\t\t\t<div id=\"elementor-tab-content-6103\" class=\"elementor-tab-content elementor-clearfix\" data-tab=\"3\" role=\"tabpanel\" aria-labelledby=\"elementor-tab-title-6103\" tabindex=\"0\" hidden=\"hidden\"><p>\u00a0<\/p><p data-start=\"1163\" data-end=\"1203\">Notre \u00e9quipe r\u00e9unit des experts en :<\/p><ul data-start=\"1204\" data-end=\"1687\"><li data-start=\"1204\" data-end=\"1301\"><strong data-start=\"1206\" data-end=\"1252\">Intelligence Artificielle &amp; Machine Learning<\/strong> \u2013 Pour des agents plus intelligents, plus rapides et plus r\u00e9actifs.<\/li><li data-start=\"1302\" data-end=\"1399\"><strong data-start=\"1304\" data-end=\"1344\">Web Developement &amp; Syst\u00e8me Integration<\/strong> \u2013 Pour connecter nos solutions \u00e0 vos outils en toute transparence.<\/li><li data-start=\"1400\" data-end=\"1496\"><strong data-start=\"1402\" data-end=\"1433\">Business Process Automation<\/strong> \u2013 Pour simplifier les t\u00e2ches r\u00e9p\u00e9titives et optimiser votre flux de travail.<\/li><li data-start=\"1497\" data-end=\"1595\"><strong data-start=\"1499\" data-end=\"1545\">User Experience &amp; Interface Design (UX\/UI)<\/strong> \u2013 Pour des interactions intuitives et conviviales.<\/li><li data-start=\"1596\" data-end=\"1687\"><strong data-start=\"1598\" data-end=\"1628\">Digital Strategy &amp; Support<\/strong> \u2013 Vous guider \u00e0 chaques \u00e9tapes de votre progression.<\/li><\/ul><\/div>\n\t\t\t\t\t\t\t<\/div>\n\t\t<\/div>\n\t\t\t\t\t\t<\/div>\n\t\t\t\t<\/div>\n\t\t\t\t\t<\/div>\n\t\t<\/div>\n\t\t\t\t\t<\/div>\n\t\t<\/section>\n\t\t\t\t\t<\/div>\n\t\t<\/div>\n\t\t\t\t\t<\/div>\n\t\t<\/section>\n\t\t\t\t<section class=\"elementor-section elementor-top-section elementor-element elementor-element-eb8378c elementor-section-boxed elementor-section-height-default elementor-section-height-default\" data-id=\"eb8378c\" data-element_type=\"section\">\n\t\t\t\t\t\t<div class=\"elementor-container elementor-column-gap-default\">\n\t\t\t\t\t<div class=\"elementor-column elementor-col-100 elementor-top-column elementor-element elementor-element-4a863b0\" data-id=\"4a863b0\" data-element_type=\"column\">\n\t\t\t<div class=\"elementor-widget-wrap elementor-element-populated\">\n\t\t\t\t\t\t<section class=\"elementor-section elementor-inner-section elementor-element elementor-element-9a68927 elementor-section-boxed elementor-section-height-default elementor-section-height-default\" data-id=\"9a68927\" data-element_type=\"section\" data-settings=\"{&quot;background_background&quot;:&quot;classic&quot;}\">\n\t\t\t\t\t\t\t<div class=\"elementor-background-overlay\"><\/div>\n\t\t\t\t\t\t\t<div class=\"elementor-container elementor-column-gap-default\">\n\t\t\t\t\t<div class=\"elementor-column elementor-col-100 elementor-inner-column elementor-element elementor-element-f133397\" data-id=\"f133397\" data-element_type=\"column\">\n\t\t\t<div class=\"elementor-widget-wrap elementor-element-populated\">\n\t\t\t\t\t\t<div class=\"elementor-element elementor-element-18e4f78 elementor-widget elementor-widget-sectiontitle\" data-id=\"18e4f78\" data-element_type=\"widget\" data-widget_type=\"sectiontitle.default\">\n\t\t\t\t<div class=\"elementor-widget-container\">\n\t\t\t\t\t\r\n\t\t\t\t<div class=\"\">\r\n\t\t\t<div class=\"section-title t_center\">\r\n\t\t\t\t<h5>\/\/ NOTRE EXPERIENCE<\/h5>\r\n\t\t\t\t<div class=\"title\">\r\n\t\t\t\t    <h3>20  Ann\u00e9es d'exp\u00e9rience au<\/h3>\r\n\t\t\t\t    <h2>Service<span> des entreprises<\/span><\/h2>\r\n\t\t\t\t<\/div>\r\n\t\t\t\t\t\t\t\r\n\t\t\t\t<div class=\"bar-main\">\r\n\t\t\t\t\t<div class=\"bar bar-big\"><\/div>\r\n\t\t\t\t<\/div>\r\n\t\t\t\t\t\t\t\t<p><\/p>\r\n\t\t\t<\/div>\t\r\n\t\t<\/div>\r\n\t\t\r\n\t\t\t\t\t<\/div>\n\t\t\t\t<\/div>\n\t\t\t\t<div class=\"elementor-element elementor-element-b605e14 elementor-widget elementor-widget-progress\" data-id=\"b605e14\" data-element_type=\"widget\" data-widget_type=\"progress.default\">\n\t\t\t\t<div class=\"elementor-widget-container\">\n\t\t\t\t\t\t\t\t<span class=\"elementor-title\" id=\"elementor-progress-bar-b605e14\">\n\t\t\t\tD\u00e9veloppement d'applications\t\t\t<\/span>\n\t\t\n\t\t<div aria-labelledby=\"elementor-progress-bar-b605e14\" class=\"elementor-progress-wrapper\" role=\"progressbar\" aria-valuemin=\"0\" aria-valuemax=\"100\" aria-valuenow=\"90\">\n\t\t\t<div class=\"elementor-progress-bar\" data-max=\"90\">\n\t\t\t\t<span class=\"elementor-progress-text\"><\/span>\n\t\t\t\t\t\t\t\t\t<span class=\"elementor-progress-percentage\">90%<\/span>\n\t\t\t\t\t\t\t<\/div>\n\t\t<\/div>\n\t\t\t\t\t\t<\/div>\n\t\t\t\t<\/div>\n\t\t\t\t<div class=\"elementor-element elementor-element-0629acd elementor-widget elementor-widget-progress\" data-id=\"0629acd\" data-element_type=\"widget\" data-widget_type=\"progress.default\">\n\t\t\t\t<div class=\"elementor-widget-container\">\n\t\t\t\t\t\t\t\t<span class=\"elementor-title\" id=\"elementor-progress-bar-0629acd\">\n\t\t\t\tGestion de l'IA\t\t\t<\/span>\n\t\t\n\t\t<div aria-labelledby=\"elementor-progress-bar-0629acd\" class=\"elementor-progress-wrapper\" role=\"progressbar\" aria-valuemin=\"0\" aria-valuemax=\"100\" aria-valuenow=\"80\">\n\t\t\t<div class=\"elementor-progress-bar\" data-max=\"80\">\n\t\t\t\t<span class=\"elementor-progress-text\"><\/span>\n\t\t\t\t\t\t\t\t\t<span class=\"elementor-progress-percentage\">80%<\/span>\n\t\t\t\t\t\t\t<\/div>\n\t\t<\/div>\n\t\t\t\t\t\t<\/div>\n\t\t\t\t<\/div>\n\t\t\t\t<div class=\"elementor-element elementor-element-7b53bb4 elementor-widget elementor-widget-progress\" data-id=\"7b53bb4\" data-element_type=\"widget\" data-widget_type=\"progress.default\">\n\t\t\t\t<div class=\"elementor-widget-container\">\n\t\t\t\t\t\t\t\t<span class=\"elementor-title\" id=\"elementor-progress-bar-7b53bb4\">\n\t\t\t\tGestion de serveur\t\t\t<\/span>\n\t\t\n\t\t<div aria-labelledby=\"elementor-progress-bar-7b53bb4\" class=\"elementor-progress-wrapper\" role=\"progressbar\" aria-valuemin=\"0\" aria-valuemax=\"100\" aria-valuenow=\"95\">\n\t\t\t<div class=\"elementor-progress-bar\" data-max=\"95\">\n\t\t\t\t<span class=\"elementor-progress-text\"><\/span>\n\t\t\t\t\t\t\t\t\t<span class=\"elementor-progress-percentage\">95%<\/span>\n\t\t\t\t\t\t\t<\/div>\n\t\t<\/div>\n\t\t\t\t\t\t<\/div>\n\t\t\t\t<\/div>\n\t\t\t\t\t<\/div>\n\t\t<\/div>\n\t\t\t\t\t<\/div>\n\t\t<\/section>\n\t\t\t\t\t<\/div>\n\t\t<\/div>\n\t\t\t\t\t<\/div>\n\t\t<\/section>\n\t\t\t\t<section class=\"elementor-section elementor-top-section elementor-element elementor-element-018853c elementor-section-boxed elementor-section-height-default elementor-section-height-default\" data-id=\"018853c\" data-element_type=\"section\">\n\t\t\t\t\t\t<div class=\"elementor-container elementor-column-gap-default\">\n\t\t\t\t\t<div class=\"elementor-column elementor-col-100 elementor-top-column elementor-element elementor-element-c82957a\" data-id=\"c82957a\" data-element_type=\"column\">\n\t\t\t<div class=\"elementor-widget-wrap elementor-element-populated\">\n\t\t\t\t\t\t<div class=\"elementor-element elementor-element-f630c37 elementor-widget elementor-widget-sectiontitle\" data-id=\"f630c37\" data-element_type=\"widget\" data-widget_type=\"sectiontitle.default\">\n\t\t\t\t<div class=\"elementor-widget-container\">\n\t\t\t\t\t\r\n\t\t\t\t<div class=\"title_in_area\">\r\n\t\t<div class=\"title_in\">\r\n\t\t\t<div class=\"title_tx\">\r\n\t\t\t\t<h5>\/\/ \u00c9quipe professionnelle<\/h5>\r\n\t\t\t\t\r\n\t\t\t\t<h3>Notre \u00e9quipe d\u00e9vou\u00e9e<\/h3>\r\n\t\t\t\t\r\n\t\t\t\t<h2><span><\/span><\/h2>\r\n\t\t\t\t\r\n\t\t\t<\/div>\r\n\t\t<\/div>\r\n\t\t<div class=\"title_p\">\r\n\t\t\t<div class=\"title_ptx\">\r\n\t\t\t\t<p>Notre \u00e9quipe est compos\u00e9e d'ing\u00e9nieurs en IA, de d\u00e9veloppeurs logiciels, de concepteurs UX et de strat\u00e8ges d'entreprise hautement qualifi\u00e9s, qui collaborent \u00e0 la cr\u00e9ation d'un \u00e9cosyst\u00e8me d'IA intelligent, adaptable et convivial. Gr\u00e2ce \u00e0 notre expertise en apprentissage automatique, en traitement automatique du langage naturel et en automatisation, nous veillons \u00e0 ce que nos agents virtuels soient non seulement fonctionnels, mais aussi v\u00e9ritablement intelligents et intuitifs.<\/p>\r\n\t\t\t<\/div>\r\n\t\t<\/div>\r\n\t<\/div>\r\n\r\n\r\n\t\t\t\t\t<\/div>\n\t\t\t\t<\/div>\n\t\t\t\t\t<\/div>\n\t\t<\/div>\n\t\t\t\t\t<\/div>\n\t\t<\/section>\n\t\t<div class=\"elementor-element elementor-element-22d2e42 e-flex e-con-boxed e-con e-parent\" data-id=\"22d2e42\" data-element_type=\"container\">\n\t\t\t\t\t<div class=\"e-con-inner\">\n\t\t<div class=\"elementor-element elementor-element-81f1b9a e-con-full e-flex e-con e-child\" data-id=\"81f1b9a\" data-element_type=\"container\">\n\t\t\t\t<div class=\"elementor-element elementor-element-378e05b elementor-widget elementor-widget-image\" data-id=\"378e05b\" data-element_type=\"widget\" data-widget_type=\"image.default\">\n\t\t\t\t<div class=\"elementor-widget-container\">\n\t\t\t\t\t\t\t\t\t\t\t\t\t\t\t<img decoding=\"async\" width=\"819\" height=\"1024\" src=\"https:\/\/101agent.fr\/wp-content\/uploads\/2025\/03\/pexels-yosstraore-2526491-819x1024.jpg\" class=\"attachment-large size-large wp-image-16378\" alt=\"\" srcset=\"https:\/\/101agent.fr\/wp-content\/uploads\/2025\/03\/pexels-yosstraore-2526491-819x1024.jpg 819w, https:\/\/101agent.fr\/wp-content\/uploads\/2025\/03\/pexels-yosstraore-2526491-240x300.jpg 240w, https:\/\/101agent.fr\/wp-content\/uploads\/2025\/03\/pexels-yosstraore-2526491-768x960.jpg 768w, https:\/\/101agent.fr\/wp-content\/uploads\/2025\/03\/pexels-yosstraore-2526491-1229x1536.jpg 1229w, https:\/\/101agent.fr\/wp-content\/uploads\/2025\/03\/pexels-yosstraore-2526491-1638x2048.jpg 1638w, https:\/\/101agent.fr\/wp-content\/uploads\/2025\/03\/pexels-yosstraore-2526491-scaled.jpg 2048w\" sizes=\"(max-width: 819px) 100vw, 819px\" \/>\t\t\t\t\t\t\t\t\t\t\t\t\t\t\t<\/div>\n\t\t\t\t<\/div>\n\t\t\t\t<\/div>\n\t\t<div class=\"elementor-element elementor-element-6de6cd0 e-con-full e-flex e-con e-child\" data-id=\"6de6cd0\" data-element_type=\"container\">\n\t\t\t\t<div class=\"elementor-element elementor-element-c06bded elementor-widget elementor-widget-sectiontitle\" data-id=\"c06bded\" data-element_type=\"widget\" data-widget_type=\"sectiontitle.default\">\n\t\t\t\t<div class=\"elementor-widget-container\">\n\t\t\t\t\t\r\n\t\t\t\t<div class=\"\">\r\n\t\t\t<div class=\"section-title t_left\">\r\n\t\t\t\t<h5>101AGENT LTD<\/h5>\r\n\t\t\t\t<div class=\"title\">\r\n\t\t\t\t    <h3>Enregistr\u00e9 au Royaume unis<\/h3>\r\n\t\t\t\t    <h2>Num\u00e9ro enregistrement : <span>16349169<\/span><\/h2>\r\n\t\t\t\t<\/div>\r\n\t\t\t\t\t\t\t\r\n\t\t\t\t<div class=\"bar-main\">\r\n\t\t\t\t\t<div class=\"bar bar-big\"><\/div>\r\n\t\t\t\t<\/div>\r\n\t\t\t\t\t\t\t\t<p>Notre adresse : \n\n101AGENT LTD,\n128 City Road, London, EC1V 2NX, UNITED KINGDOM<\/p>\r\n\t\t\t<\/div>\t\r\n\t\t<\/div>\r\n\t\t\r\n\t\t\t\t\t<\/div>\n\t\t\t\t<\/div>\n\t\t\t\t<\/div>\n\t\t\t\t\t<\/div>\n\t\t\t\t<\/div>\n\t\t\t\t<\/div>\n\t\t","protected":false},"excerpt":{"rendered":"<p>\/\/ \u00c0 propos de l&#8217;entreprise 101Agent La m\u00e9thode intelligente pour d\u00e9ployerAssistants virtuels 101Agent est une plateforme d&#8217;IA nouvelle g\u00e9n\u00e9ration qui simplifie la cr\u00e9ation, la personnalisation et le d\u00e9ploiement d&#8217;agents virtuels dans tous les secteurs d&#8217;activit\u00e9. Que vous souhaitiez automatiser le service client, g\u00e9rer les rendez-vous ou optimiser vos processus internes, 101Agent vous offre des outils [&hellip;]<\/p>\n","protected":false},"author":1,"featured_media":0,"parent":0,"menu_order":0,"comment_status":"closed","ping_status":"closed","template":"page-templates\/template-default.php","meta":{"footnotes":""},"class_list":["post-1019","page","type-page","status-publish","hentry"],"_links":{"self":[{"href":"https:\/\/101agent.fr\/index.php\/wp-json\/wp\/v2\/pages\/1019","targetHints":{"allow":["GET"]}}],"collection":[{"href":"https:\/\/101agent.fr\/index.php\/wp-json\/wp\/v2\/pages"}],"about":[{"href":"https:\/\/101agent.fr\/index.php\/wp-json\/wp\/v2\/types\/page"}],"author":[{"embeddable":true,"href":"https:\/\/101agent.fr\/index.php\/wp-json\/wp\/v2\/users\/1"}],"replies":[{"embeddable":true,"href":"https:\/\/101agent.fr\/index.php\/wp-json\/wp\/v2\/comments?post=1019"}],"version-history":[{"count":23,"href":"https:\/\/101agent.fr\/index.php\/wp-json\/wp\/v2\/pages\/1019\/revisions"}],"predecessor-version":[{"id":16512,"href":"https:\/\/101agent.fr\/index.php\/wp-json\/wp\/v2\/pages\/1019\/revisions\/16512"}],"wp:attachment":[{"href":"https:\/\/101agent.fr\/index.php\/wp-json\/wp\/v2\/media?parent=1019"}],"curies":[{"name":"wp","href":"https:\/\/api.w.org\/{rel}","templated":true}]}}